{"id":2,"date":"2025-09-25T11:23:46","date_gmt":"2025-09-25T14:23:46","guid":{"rendered":"https:\/\/montecoral.com\/portal\/?page_id=2"},"modified":"2025-09-25T11:47:51","modified_gmt":"2025-09-25T14:47:51","slug":"acercade","status":"publish","type":"page","link":"https:\/\/montecoral.com\/portal\/","title":{"rendered":"Acerca del Sitio"},"content":{"rendered":"\n<p>Este sitio nace como un espacio de ideas, manuales y proyectos de tecnolog\u00eda y \u00e1reas afines.<br>El objetivo es simple: compartir conocimiento y recursos que puedan ser \u00fatiles para aprender, explorar y aplicar.<\/p>\n\n\n\n<p>Ac\u00e1 encontrar\u00e1s desde explicaciones pr\u00e1cticas hasta proyectos completos, todo pensado para que puedas consultarlo cuando lo necesites.<br>Es un lugar para almacenar y difundir conocimiento, dejando una huella \u00fatil en el mundo de la tecnolog\u00eda.<\/p>\n\n\n\n<p>Bienvenido, \u00a1explor\u00e1 y aprovech\u00e1 todo lo que hay ac\u00e1!<\/p>\n","protected":false},"excerpt":{"rendered":"<p>Este sitio nace como un espacio de ideas, manuales y proyectos de tecnolog\u00eda y \u00e1reas afines.El objetivo es simple: compartir conocimiento y recursos que puedan ser \u00fatiles para aprender, explorar y aplicar. Ac\u00e1 encontrar\u00e1s desde explicaciones pr\u00e1cticas hasta proyectos completos, todo pensado para que puedas consultarlo cuando lo necesites.Es un lugar para almacenar y difundir [&hellip;]<\/p>\n","protected":false},"author":1,"featured_media":0,"parent":0,"menu_order":0,"comment_status":"closed","ping_status":"closed","template":"","meta":{"footnotes":""},"class_list":["post-2","page","type-page","status-publish","hentry"],"_links":{"self":[{"href":"https:\/\/montecoral.com\/portal\/wp-json\/wp\/v2\/pages\/2","targetHints":{"allow":["GET"]}}],"collection":[{"href":"https:\/\/montecoral.com\/portal\/wp-json\/wp\/v2\/pages"}],"about":[{"href":"https:\/\/montecoral.com\/portal\/wp-json\/wp\/v2\/types\/page"}],"author":[{"embeddable":true,"href":"https:\/\/montecoral.com\/portal\/wp-json\/wp\/v2\/users\/1"}],"replies":[{"embeddable":true,"href":"https:\/\/montecoral.com\/portal\/wp-json\/wp\/v2\/comments?post=2"}],"version-history":[{"count":2,"href":"https:\/\/montecoral.com\/portal\/wp-json\/wp\/v2\/pages\/2\/revisions"}],"predecessor-version":[{"id":8,"href":"https:\/\/montecoral.com\/portal\/wp-json\/wp\/v2\/pages\/2\/revisions\/8"}],"wp:attachment":[{"href":"https:\/\/montecoral.com\/portal\/wp-json\/wp\/v2\/media?parent=2"}],"curies":[{"name":"wp","href":"https:\/\/api.w.org\/{rel}","templated":true}]}}